{"id":3764,"date":"2025-02-03T04:27:36","date_gmt":"2025-02-03T04:27:36","guid":{"rendered":"https:\/\/themewant.com\/products\/wordpress\/coolair\/?page_id=3764"},"modified":"2026-02-03T13:41:49","modified_gmt":"2026-02-03T13:41:49","slug":"products","status":"publish","type":"page","link":"https:\/\/kar-men.com.tr\/index.php\/products\/","title":{"rendered":"Products"},"content":{"rendered":"\t\t<div data-elementor-type=\"wp-page\" data-elementor-id=\"3764\" class=\"elementor elementor-3764\">\n\t\t\t\t<div class=\"elementor-element elementor-element-e1ffd3f e-flex e-con-boxed rt-default-class e-con e-parent\" data-id=\"e1ffd3f\" data-element_type=\"container\" data-settings=\"{&quot;background_background&quot;:&quot;classic&quot;}\">\n\t\t\t\t\t<div class=\"e-con-inner\">\n\t\t<div class=\"elementor-element elementor-element-6cb1f40 e-flex e-con-boxed rt-default-class e-con e-child\" data-id=\"6cb1f40\" data-element_type=\"container\">\n\t\t\t\t\t<div class=\"e-con-inner\">\n\t\t<div class=\"elementor-element elementor-element-016a931 e-flex e-con-boxed rt-default-class e-con e-child\" data-id=\"016a931\" data-element_type=\"container\">\n\t\t\t\t\t<div class=\"e-con-inner\">\n\t\t<div class=\"elementor-element elementor-element-01b52ed e-flex e-con-boxed rt-default-class e-con e-child\" data-id=\"01b52ed\" data-element_type=\"container\">\n\t\t\t\t\t<div class=\"e-con-inner\">\n\t\t\t\t<div class=\"elementor-element elementor-element-63143ec rt-default-class elementor-widget elementor-widget-react-heading\" data-id=\"63143ec\" data-element_type=\"widget\" data-widget_type=\"react-heading.default\">\n\t\t\t\t<div class=\"elementor-widget-container\">\n\t\t\t\t\t\t\t<div class=\"animation-style1 react-heading default\">\r\n\t\t\t<div class=\"title-inner\">\r\n\t\t\t\t<span class=\"custom sub-text subtitle style1\">Our Service<\/span>\t\t\t<\/div>\r\n\t\t\t\r\n\t\t\t\t\t\t\t\t<\/div>\t\t\t\r\n\t\t\t\t\t<\/div>\n\t\t\t\t<\/div>\n\t\t\t\t<div class=\"elementor-element elementor-element-e2324f0 rt-default-class elementor-widget elementor-widget-react-page-title\" data-id=\"e2324f0\" data-element_type=\"widget\" data-widget_type=\"react-page-title.default\">\n\t\t\t\t<div class=\"elementor-widget-container\">\n\t\t\t\t\t        \n        <h1 class=\"page-title\">\n\t\tProducts        <\/h1>\n        \t\t\t\t<\/div>\n\t\t\t\t<\/div>\n\t\t\t\t<div class=\"elementor-element elementor-element-fc5dcef rt-default-class elementor-widget elementor-widget-react-page-heading\" data-id=\"fc5dcef\" data-element_type=\"widget\" data-widget_type=\"react-page-heading.default\">\n\t\t\t\t<div class=\"elementor-widget-container\">\n\t\t\t\t\t        <div class=\"breadcrumbs-single\"> \n                                <div class=\"breadcrumbs-title\"> <span property=\"itemListElement\" typeof=\"ListItem\"><a property=\"item\" typeof=\"WebPage\" title=\"Go to Kar-men M\u00fchendislik.\" href=\"https:\/\/kar-men.com.tr\" class=\"home\" ><span property=\"name\">Kar-men M\u00fchendislik<\/span><\/a><meta property=\"position\" content=\"1\"><\/span> &gt; <span property=\"itemListElement\" typeof=\"ListItem\"><a property=\"item\" typeof=\"WebPage\" title=\"Go to Blog Grid.\" href=\"https:\/\/kar-men.com.tr\/index.php\/blog-grid\/\" class=\"post-root post post-post\" aria-current=\"page\"><span property=\"name\">Blog Grid<\/span><\/a><meta property=\"position\" content=\"2\"><\/span><\/div>\n                           \n        \n            <\/div>\n    \t\t\t\t<\/div>\n\t\t\t\t<\/div>\n\t\t\t\t\t<\/div>\n\t\t\t\t<\/div>\n\t\t<div class=\"elementor-element elementor-element-08901a2 e-flex e-con-boxed rt-default-class e-con e-child\" data-id=\"08901a2\" data-element_type=\"container\">\n\t\t\t\t\t<div class=\"e-con-inner\">\n\t\t\t\t<div class=\"elementor-element elementor-element-d408aa4 rt-default-class elementor-widget elementor-widget-heading\" data-id=\"d408aa4\" data-element_type=\"widget\" data-widget_type=\"heading.default\">\n\t\t\t\t\t<h4 class=\"elementor-heading-title elementor-size-default\">Air Conditioning and Heating Specialists<\/h4>\t\t\t\t<\/div>\n\t\t\t\t\t<\/div>\n\t\t\t\t<\/div>\n\t\t\t\t\t<\/div>\n\t\t\t\t<\/div>\n\t\t<div class=\"elementor-element elementor-element-c74b9e3 e-flex e-con-boxed rt-default-class e-con e-child\" data-id=\"c74b9e3\" data-element_type=\"container\">\n\t\t\t\t\t<div class=\"e-con-inner\">\n\t\t\t\t<div class=\"elementor-element elementor-element-a77d336 elementor-view-stacked icon-has-border elementor-shape-circle rt-default-class elementor-widget elementor-widget-icon\" data-id=\"a77d336\" data-element_type=\"widget\" data-widget_type=\"icon.default\">\n\t\t\t\t\t\t\t<div class=\"elementor-icon-wrapper\">\n\t\t\t<div class=\"elementor-icon\">\n\t\t\t<svg aria-hidden=\"true\" class=\"e-font-icon-svg e-far-image\" viewBox=\"0 0 512 512\" xmlns=\"http:\/\/www.w3.org\/2000\/svg\"><path d=\"M464 64H48C21.49 64 0 85.49 0 112v288c0 26.51 21.49 48 48 48h416c26.51 0 48-21.49 48-48V112c0-26.51-21.49-48-48-48zm-6 336H54a6 6 0 0 1-6-6V118a6 6 0 0 1 6-6h404a6 6 0 0 1 6 6v276a6 6 0 0 1-6 6zM128 152c-22.091 0-40 17.909-40 40s17.909 40 40 40 40-17.909 40-40-17.909-40-40-40zM96 352h320v-80l-87.515-87.515c-4.686-4.686-12.284-4.686-16.971 0L192 304l-39.515-39.515c-4.686-4.686-12.284-4.686-16.971 0L96 304v48z\"><\/path><\/svg>\t\t\t<\/div>\n\t\t<\/div>\n\t\t\t\t\t\t<\/div>\n\t\t\t\t\t<\/div>\n\t\t\t\t<\/div>\n\t\t\t\t\t<\/div>\n\t\t\t\t<\/div>\n\t\t\t\t\t<\/div>\n\t\t\t\t<\/div>\n\t\t<div class=\"elementor-element elementor-element-71eab79 e-flex e-con-boxed rt-default-class e-con e-parent\" data-id=\"71eab79\" data-element_type=\"container\">\n\t\t\t\t\t<div class=\"e-con-inner\">\n\t\t\t\t<div class=\"elementor-element elementor-element-63e6859 rt-default-class elementor-widget elementor-widget-rt-product-grid\" data-id=\"63e6859\" data-element_type=\"widget\" data-widget_type=\"rt-product-grid.default\">\n\t\t\t\t<div class=\"elementor-widget-container\">\n\t\t\t\t\t\r\n\t<div class=\"rt-product-style1 grid-product\">\r\n\t\t<div class=\"grid\">\r\n\t\t\t<div class=\"row\">\r\n\t\t\t\t<div class=\"col-lg-4  col-md-6 col-sm-6 col-12\">\r\n\t<div class=\"bg-color-3 relative hover overflow-hidden rounded-20px productItem\">\r\n\t\t<div class=\"absolute w-100 h-100 padding30 bg-light hover-op-1 hover-mt-40 z-2\">\r\n\t\t\t<h4 class=\"p-title\">Kare Yang\u0131n Damperi (Standart Tip)<\/h4>\r\n\t\t\t<p class=\"p-desc\">Kare Yang\u0131n Damperi (Standart Tip)<\/p>\r\n\t\t\t\t\t\t\t<a class=\"btn-main\" href=\"https:\/\/kar-men.com.tr\/index.php\/rt-product\/kare-yangin-damperi-standart-tip\/\">\u00dcr\u00fcn\u00fc \u0130ncele<\/a>\r\n\t\t\t\t\t<\/div>\r\n\t\t<div class=\"text-center py-3\">\r\n\t\t\t\t\t<div class=\"p-badge absolute end-0 m-4 my-2 d-inline bg-color-2 text-light fw-bold px-3 rounded-20px\">\r\n\t\t\t\t\t\t\t<\/div>\r\n\t\t\t\t\t\t\t\t<h4 class=\"p-title mt-2\">Kare Yang\u0131n Damperi (Standart Tip)<\/h4>\r\n\t\t<\/div>\r\n\t<\/div>\r\n<\/div>\r\n<div class=\"col-lg-4  col-md-6 col-sm-6 col-12\">\r\n\t<div class=\"bg-color-3 relative hover overflow-hidden rounded-20px productItem\">\r\n\t\t<div class=\"absolute w-100 h-100 padding30 bg-light hover-op-1 hover-mt-40 z-2\">\r\n\t\t\t<h4 class=\"p-title\">ClimaComfort<\/h4>\r\n\t\t\t<p class=\"p-desc\">Non ullamco magna qui non dolore sit ut proident quis ad ex nisi in esse sed occaecat dolore consectetur tempor nostrud sit laboris in nostrud sed cillum mollit irure excepteur<\/p>\r\n\t\t\t\t\t\t\t<a class=\"btn-main\" href=\"https:\/\/kar-men.com.tr\/index.php\/rt-product\/climacomfort\/\">\u00dcr\u00fcn\u00fc \u0130ncele<\/a>\r\n\t\t\t\t\t<\/div>\r\n\t\t<div class=\"text-center py-3\">\r\n\t\t\t\t\t<div class=\"p-badge absolute end-0 m-4 my-2 d-inline bg-color-2 text-light fw-bold px-3 rounded-20px\">\r\n\t\t\t\t10% Off\t\t\t<\/div>\r\n\t\t\t\t\t\t\t\t\t<img fetchpriority=\"high\" decoding=\"async\" width=\"640\" height=\"640\" src=\"https:\/\/kar-men.com.tr\/wp-content\/uploads\/2024\/08\/product-2.webp\" class=\"w-80 wp-post-image\" alt=\"\" srcset=\"https:\/\/kar-men.com.tr\/wp-content\/uploads\/2024\/08\/product-2.webp 800w, https:\/\/kar-men.com.tr\/wp-content\/uploads\/2024\/08\/product-2-300x300.webp 300w, https:\/\/kar-men.com.tr\/wp-content\/uploads\/2024\/08\/product-2-100x100.webp 100w, https:\/\/kar-men.com.tr\/wp-content\/uploads\/2024\/08\/product-2-600x600.webp 600w, https:\/\/kar-men.com.tr\/wp-content\/uploads\/2024\/08\/product-2-150x150.webp 150w, https:\/\/kar-men.com.tr\/wp-content\/uploads\/2024\/08\/product-2-768x768.webp 768w, https:\/\/kar-men.com.tr\/wp-content\/uploads\/2024\/08\/product-2-87x87.webp 87w\" sizes=\"(max-width: 640px) 100vw, 640px\" \/>\t\t\t\t\t\t<h4 class=\"p-title mt-2\">ClimaComfort<\/h4>\r\n\t\t<\/div>\r\n\t<\/div>\r\n<\/div>\r\n \r\n\t\t\t<\/div>\r\n\t\t<\/div>\r\n\t<\/div>\r\n\r\n\t\t\t\t\t<\/div>\n\t\t\t\t<\/div>\n\t\t\t\t\t<\/div>\n\t\t\t\t<\/div>\n\t\t\t\t<\/div>\n\t\t","protected":false},"excerpt":{"rendered":"<p>Our Service Products Kar-men M\u00fchendislik &gt; Blog Grid Air Conditioning and Heating Specialists ClimaComfort Non ullamco magna qui non dolore sit ut proident quis ad ex nisi in esse sed occaecat dolore consectetur tempor nostrud sit laboris in nostrud sed cillum mollit irure excepteur \u00dcr\u00fcn\u00fc \u0130ncele 10% Off ClimaComfort Kare Yang\u0131n Damperi (Standart Tip) Kare&#8230;<\/p>\n","protected":false},"author":1,"featured_media":0,"parent":0,"menu_order":0,"comment_status":"closed","ping_status":"closed","template":"elementor_header_footer","meta":{"footnotes":""},"class_list":["post-3764","page","type-page","status-publish","hentry"],"_links":{"self":[{"href":"https:\/\/kar-men.com.tr\/index.php\/wp-json\/wp\/v2\/pages\/3764","targetHints":{"allow":["GET"]}}],"collection":[{"href":"https:\/\/kar-men.com.tr\/index.php\/wp-json\/wp\/v2\/pages"}],"about":[{"href":"https:\/\/kar-men.com.tr\/index.php\/wp-json\/wp\/v2\/types\/page"}],"author":[{"embeddable":true,"href":"https:\/\/kar-men.com.tr\/index.php\/wp-json\/wp\/v2\/users\/1"}],"replies":[{"embeddable":true,"href":"https:\/\/kar-men.com.tr\/index.php\/wp-json\/wp\/v2\/comments?post=3764"}],"version-history":[{"count":10,"href":"https:\/\/kar-men.com.tr\/index.php\/wp-json\/wp\/v2\/pages\/3764\/revisions"}],"predecessor-version":[{"id":5099,"href":"https:\/\/kar-men.com.tr\/index.php\/wp-json\/wp\/v2\/pages\/3764\/revisions\/5099"}],"wp:attachment":[{"href":"https:\/\/kar-men.com.tr\/index.php\/wp-json\/wp\/v2\/media?parent=3764"}],"curies":[{"name":"wp","href":"https:\/\/api.w.org\/{rel}","templated":true}]}}